{"id":2629,"date":"2022-10-16T20:25:55","date_gmt":"2022-10-16T18:25:55","guid":{"rendered":"http:\/\/just4creativity.pl\/www\/?page_id=2629"},"modified":"2025-08-26T07:39:46","modified_gmt":"2025-08-26T05:39:46","slug":"szkolenia-monika-just4creativity","status":"publish","type":"page","link":"https:\/\/just4creativity.pl\/www\/szkolenia-monika-just4creativity\/","title":{"rendered":"Szkolenia"},"content":{"rendered":"<p>[vc_row full_width=&#8221;stretch_row&#8221; equal_height=&#8221;yes&#8221; shape=&#8221;Shape2&#8243; css=&#8221;.vc_custom_1555403002202{margin-top: 0px !important;padding-top: 0px !important;padding-bottom: 0px !important;background-color: #f8f8f8 !important;background-position: center !important;background-repeat: no-repeat !important;background-size: cover !important;}&#8221; el_id=&#8221;rs-about&#8221; el_class=&#8221;rs-video-slider ipad-pt0 ipad-pb0&#8243;][vc_column width=&#8221;1\/2&#8243; css=&#8221;.vc_custom_1668615006228{margin-top: 0px !important;margin-bottom: 0px !important;padding-top: 250px !important;padding-bottom: 250px !important;background-image: url(https:\/\/just4creativity.pl\/www\/wp-content\/uploads\/2022\/10\/just4creativity_cv_05c.png?id=2290) !important;background-position: center !important;background-repeat: no-repeat !important;background-size: cover !important;}&#8221; el_class=&#8221;smc-pb100 smc-pt100&#8243;][\/vc_column][vc_column width=&#8221;1\/2&#8243; css=&#8221;.vc_custom_1555399961948{padding-top: 100px !important;padding-right: 50px !important;padding-bottom: 100px !important;padding-left: 80px !important;}&#8221; el_class=&#8221;banner-full&#8221;]<div  class=\"rs-banner  not-full-screen  vc_custom_1664562696153\" >\r\n        \t\t\t\r\n\t\t\t\t    <div class=\"container\">\r\n\t\t\t\t        <div class=\"banner-content\">\r\n\t\t\t\t            <div style=\"color:#46743b;font-size:30px;font-weight:700;line-height:40px;\" class=\"title-pretext\" >Just4Creativity<\/div>\r\n\t\t\t                <h2 style=\"color:#46743b;font-size:70px;font-weight:700!important;line-height:80px;\" class=\"banner_title\">Monika Just<\/h2><div class=\"work-position\">\r\n\t\t\t\t                    <h3>\r\n\t\t\t\t                        <span style=\"color:#000000;font-size:45px;font-weight:700;line-height:50px;\">OFERTA<\/span> \r\n\t\t\t\t                    <\/h3>\r\n\t\t\t\t                    \r\n\t\t\t\t                    <div style=\"color:#000000;font-size:45px;font-weight:700;line-height:50px;\" class=\"cd-headline clip\">\r\n\t\t\t\t\t\t\t\t\t\t<div class=\"cd-words-wrapper\">\r\n\t\t\t\t\t\t\t\t\t\t\t<p><\/p>\r\n\t\t\t\t\t\t\t\t\t\t<\/div>\r\n\t\t\t\t\t\t\t\t\t<\/div>\r\n\t\t\t\t                <\/div><\/div>\r\n\t\t\t\t    <\/div><\/div>[vc_single_image image=&#8221;1833&#8243; alignment=&#8221;right&#8221;][vc_column_text css=&#8221;.vc_custom_1664562683197{margin-top: 10px !important;margin-bottom: 20px !important;}&#8221;]Jestem realizatork\u0105 szkole\u0144 z zakresu rozwijania szeroko rozumianych kompetencji mi\u0119kkich w tym spo\u0142ecznych zar\u00f3wno dzieci i m\u0142odzie\u017cy jak i os\u00f3b doros\u0142ych.<\/p>\n<p>W obszarze moich szczeg\u00f3lnych zainteresowa\u0144 le\u017cy troska o rozw\u00f3j tw\u00f3rczy ka\u017cdego cz\u0142owieka, dlatego w ofercie znajdziesz treningi kreatywno\u015bci, treningi tw\u00f3rczego rozwi\u0105zywania problem\u00f3w, treningi wzmacniania zdolno\u015bci poznawczych i szkolenia z metod aktywizuj\u0105cych my\u015blenie i dzia\u0142anie.[\/vc_column_text][\/vc_column][\/vc_row][vc_row equal_height=&#8221;yes&#8221; shape=&#8221;Shape2&#8243; css=&#8221;.vc_custom_1665213977858{margin-top: 0px !important;padding-top: 60px !important;padding-right: 50px !important;padding-bottom: 30px !important;padding-left: 50px !important;background-position: center !important;background-repeat: no-repeat !important;background-size: cover !important;}&#8221; el_class=&#8221;sm-plr15&#8243;][vc_column]\r\n        <div class=\"rs-heading    \">\r\n        \t<div class=\"title-inner\">\r\n\t            \r\n\t            <h2 style=\"color:#46743b;font-weight:700!important;\"><span class=\"watermark\">szkolenia<\/span>Oferta<\/h2>\r\n\t        <\/div><\/div>[\/vc_column][\/vc_row][vc_row equal_height=&#8221;yes&#8221; shape=&#8221;Shape2&#8243; css=&#8221;.vc_custom_1555405726018{margin-top: 0px !important;padding-top: 0px !important;padding-right: 50px !important;padding-bottom: 60px !important;padding-left: 50px !important;background-position: center !important;background-repeat: no-repeat !important;background-size: cover !important;}&#8221; el_class=&#8221;sm-plr15&#8243;][vc_column width=&#8221;1\/2&#8243; css=&#8221;.vc_custom_1555404532314{margin-top: 0px !important;margin-bottom: 0px !important;padding-right: 40px !important;padding-bottom: 0px !important;background-position: center !important;background-repeat: no-repeat !important;background-size: cover !important;}&#8221; el_class=&#8221;ipadc-pr15&#8243;]\r\n        <div class=\"rs-heading    \">\r\n        \t<div class=\"title-inner\">\r\n\t            \r\n\t            <h4 style=\"\">dla nauczycieli i rad pedagogicznych<\/h4>\r\n\t        <\/div><\/div>[vc_column_text]Prowadz\u0119 szkolenia dla nauczycieli z zakresu rozwoju osobistego, doskonalenia i wspierania kompetencji mi\u0119kkich, kreatywno\u015bci, metod i technik tw\u00f3rczego rozwi\u0105zywania problem\u00f3w w nurcie psychodydaktyki tw\u00f3rczo\u015bci i neurodydaktyki.<\/p>\n<p>Jako pedagog dzieci\u0119cy, nauczyciel edukacji przedszkolnej i wczesnoszkolnej, edukator i wyk\u0142adowca; trener tw\u00f3rczego my\u015blenia i rozwijania zdolno\u015bci poznawczych, ch\u0119tnie \u0142\u0105cz\u0119 teori\u0119 z praktyk\u0105. Wachlarz do\u015bwiadcze\u0144 nieustannie rozszerzam jako recenzentka, autorka i wsp\u00f3\u0142autorka podr\u0119cznik\u00f3w i pakiet\u00f3w edukacyjnych, w tym program\u00f3w multimedialnych dla dzieci w m\u0142odszym wieku szkolnym oraz program\u00f3w i podr\u0119cznik\u00f3w adresowanych do nauczycieli chc\u0105cych rozwija\u0107 w edukacji idee psychodydaktyki tw\u00f3rczo\u015bci.[\/vc_column_text][vc_btn title=&#8221;szczeg\u00f3\u0142owa oferta&#8221; shape=&#8221;round&#8221; color=&#8221;green&#8221; link=&#8221;url:https%3A%2F%2Fjust4creativity.pl%2Fwww%2Fwp-content%2Fuploads%2F2022%2F09%2Foferta-szkoleniowa-dla-nauczcycieli-_Monika-Just.pdf|target:_blank&#8221;][vc_column_text]Rok szkolny 2025\/26 to czas szczeg\u00f3lny \u2013 w kierunkach polityki o\u015bwiatowej pa\u0144stwa podkre\u015bla si\u0119 potrzeb\u0119 wzmacniania dobrostanu psychicznego uczni\u00f3w i nauczycieli, rozwijania kompetencji prozdrowotnych, spo\u0142ecznych i obywatelskich, a tak\u017ce tw\u00f3rczego i krytycznego my\u015blenia.<br \/>\nW odpowiedzi na te wyzwania proponuj\u0119 szkolenia i warsztaty dla Rad Pedagogicznych oraz nauczycieli, kt\u00f3re nie s\u0105 prostym zbiorem recept czy gotowych schemat\u00f3w.[\/vc_column_text][vc_btn title=&#8221;szczeg\u00f3\u0142owa oferta&#8221; shape=&#8221;round&#8221; color=&#8221;green&#8221; link=&#8221;url:https%3A%2F%2Fjust4creativity.pl%2Fwww%2Fwp-content%2Fuploads%2F2025%2F08%2Foferta-szkoleniowa-dla-nauczcycieli-2025_26-_Monika-Just.pdf|target:_blank&#8221;][\/vc_column][vc_column width=&#8221;1\/2&#8243; css=&#8221;.vc_custom_1555404542018{padding-bottom: 0px !important;padding-left: 40px !important;}&#8221; el_class=&#8221;ipadc-pl15&#8243;]\r\n        <div class=\"rs-heading    \">\r\n        \t<div class=\"title-inner\">\r\n\t            \r\n\t            <h4 style=\"\">dla firm<\/h4>\r\n\t        <\/div><\/div>[vc_column_text css=&#8221;.vc_custom_1667919030943{padding-bottom: 20px !important;}&#8221;]Trener my\u015blenia tw\u00f3rczego to stosunkowo nowy zaw\u00f3d. Moja praca zawodowa zwi\u0105zana ze \u015bwiatem biznesu koncentruje si\u0119 wok\u00f3\u0142 dw\u00f3ch osi. Jedn\u0105 z nich jest prowadzenie szkole\u0144 z zakresu rozwijania potencja\u0142u tw\u00f3rczego i kreatywno\u015bci indywidualnej i zespo\u0142owej, druga to life coaching.<\/p>\n<p>Jestem wi\u0119c trenerem tw\u00f3rczego my\u015blenia i coachem.<\/p>\n<p>Rozwijaj\u0105c umiej\u0119tno\u015bci i kompetencje mi\u0119kkie, odnosz\u0119 si\u0119 do warsztatu pracy os\u00f3b bior\u0105cych udzia\u0142 w szkoleniu, ich do\u015bwiadcze\u0144 i refleksji. Pracuj\u0105c na zasobach w\u0142asnych Klienta ukazuj\u0119 praktyczne zastosowanie wiedzy w konkretnych sytuacjach \u017cyciowych i zawodowych, w \u017cyciu, w firmach i w okre\u015blonych bran\u017cach.<\/p>\n<p>Proponowany wachlarz szkole\u0144 jest r\u00f3\u017cnorodny, a ka\u017cde z nich szyte na miar\u0119, dostosowane do potrzeb Klienta.<\/p>\n<p>Nieustannie poszukuj\u0119 nowych metod, technik i narz\u0119dzi, by mie\u0107 poczucie, \u017ce ofiarowuj\u0119 co\u015b warto\u015bciowego.[\/vc_column_text][vc_btn title=&#8221;szczeg\u00f3\u0142owa oferta&#8221; shape=&#8221;round&#8221; color=&#8221;green&#8221; link=&#8221;url:https%3A%2F%2Fjust4creativity.pl%2Fwww%2Fwp-content%2Fuploads%2F2022%2F09%2Foferta-szkoleniowa-dla-FIRM-_Monika-Just-kopia.pdf|target:_blank&#8221;][\/vc_column][\/vc_row][vc_row equal_height=&#8221;yes&#8221; shape=&#8221;Shape2&#8243; css=&#8221;.vc_custom_1555405726018{margin-top: 0px !important;padding-top: 0px !important;padding-right: 50px !important;padding-bottom: 60px !important;padding-left: 50px !important;background-position: center !important;background-repeat: no-repeat !important;background-size: cover !important;}&#8221; el_class=&#8221;sm-plr15&#8243;][vc_column width=&#8221;1\/2&#8243; css=&#8221;.vc_custom_1555404532314{margin-top: 0px !important;margin-bottom: 0px !important;padding-right: 40px !important;padding-bottom: 0px !important;background-position: center !important;background-repeat: no-repeat !important;background-size: cover !important;}&#8221; el_class=&#8221;ipadc-pr15&#8243;]\r\n        <div class=\"rs-heading    \">\r\n        \t<div class=\"title-inner\">\r\n\t            \r\n\t            <h4 style=\"\">dla dzieci i m\u0142odzie\u017cy<\/h4>\r\n\t        <\/div><\/div>[vc_column_text]Praca z dzie\u0107mi i m\u0142odzie\u017c\u0105 zw\u0142aszcza w formie warsztatowej wymaga ogromu cierpliwo\u015bci, odpowiedzialno\u015bci i uwa\u017cno\u015bci, by m\u00f3c potrafi\u0107 pom\u00f3c w osi\u0105gni\u0119ciu oczekiwanych rezultat\u00f3w. To grupa wymagaj\u0105ca od trenera kreatywno\u015bci, taktu, otwarto\u015bci, wyj\u0105tkowo\u015bci i podmiotowo\u015bci w traktowaniu uczni\u00f3w, umiej\u0119tno\u015bci motywowania do pracy, doceniania a nie oceniania. To odbiorcy oczekuj\u0105cy od trenera umiej\u0119tno\u015bci s\u0142uchania i cz\u0119sto zdolno\u015bci t\u0142umaczenia trudnych rzeczy i temat\u00f3w w zabawny i przyst\u0119pny spos\u00f3b.<\/p>\n<p>Oferuj\u0119 warsztaty psychoedukacyjne, kt\u00f3re obejmuj\u0105 takie obszary rozwoju osobistego jak skuteczne uczenie si\u0119, uwa\u017cno\u015b\u0107, motywacja wewn\u0119trzna i postawa tw\u00f3rcza.[\/vc_column_text][vc_btn title=&#8221;szczeg\u00f3\u0142owa oferta&#8221; shape=&#8221;round&#8221; color=&#8221;green&#8221; link=&#8221;url:https%3A%2F%2Fjust4creativity.pl%2Fwww%2Fwp-content%2Fuploads%2F2022%2F10%2Foferta-szkoleniowa-dla-dzieci-i-mlodziezy2_Monika-Just.pdf|target:_blank&#8221;][\/vc_column][vc_column width=&#8221;1\/2&#8243; css=&#8221;.vc_custom_1555404542018{padding-bottom: 0px !important;padding-left: 40px !important;}&#8221; el_class=&#8221;ipadc-pl15&#8243;]\r\n        <div class=\"rs-heading    \">\r\n        \t<div class=\"title-inner\">\r\n\t            \r\n\t            <h4 style=\"\">dla klient\u00f3w indywidualnych<\/h4>\r\n\t        <\/div><\/div>[vc_column_text css=&#8221;.vc_custom_1664563367685{padding-bottom: 20px !important;}&#8221;]Kiedy odczuwasz potrzeb\u0119 pracy nad sob\u0105 lub kiedy w \u017cyciu robi si\u0119 trudno, kiedy zaczynasz do\u015bwiadcza\u0107 potrzeby zmiany, by\u0107 mo\u017ce nie potrafisz jej nazwa\u0107, ale jeste\u015b jej \u015bwiadomy, kiedy zaczynasz my\u015ble\u0107 \u201eChc\u0119 co\u015b z tym zrobi\u0107!\u201d, zapraszam Ci\u0119 do indywidualnych spotka\u0144 w ramach konsultacji pedagogicznych, coachingu rodzicielskiego, life coachingu skoncentrowanego na osi\u0105ganiu cel\u00f3w osobistych.<\/p>\n<p>Zadbaj o siebie, o sw\u00f3j spok\u00f3j, o swoje szcz\u0119\u015bcie, o swoje warto\u015bci, wizj\u0119 \u017cycia, plany, postawy, relacje z partnerem, dzieckiem, w\u0142asnym rodzicem i sob\u0105 samym w imi\u0119 wolno\u015bci i autonomiczno\u015bci.<\/p>\n<p>Um\u00f3w si\u0119 ze mn\u0105 na spotkanie online lub w \u0141odzi przy kawie (jak chcesz), przygotuj\u0119 propozycje wsp\u00f3lnych dzia\u0142a\u0144 krok po kroku, by\u015b m\u00f3g\u0142 cieszy\u0107 si\u0119 rodzicielstwem, prac\u0105, spe\u0142nionym \u017cyciem, by\u015b poczu\u0142 si\u0119 szcz\u0119\u015bliwy i \u015bwiadomy w\u0142asnego potencja\u0142u i mocy, kt\u00f3re s\u0105 w Tobie.[\/vc_column_text][vc_btn title=&#8221;szczeg\u00f3\u0142owa oferta&#8221; shape=&#8221;round&#8221; color=&#8221;green&#8221; link=&#8221;url:https%3A%2F%2Fjust4creativity.pl%2Fwww%2Fwp-content%2Fuploads%2F2022%2F09%2Foferta-dla-klientow-indywidualnych-_Monika-Just-1.pdf|target:_blank&#8221;][\/vc_column][\/vc_row][vc_row equal_height=&#8221;yes&#8221; shape=&#8221;Shape2&#8243; css=&#8221;.vc_custom_1555405726018{margin-top: 0px !important;padding-top: 0px !important;padding-right: 50px !important;padding-bottom: 60px !important;padding-left: 50px !important;background-position: center !important;background-repeat: no-repeat !important;background-size: cover !important;}&#8221; el_class=&#8221;sm-plr15&#8243;][vc_column width=&#8221;1\/2&#8243; css=&#8221;.vc_custom_1555404532314{margin-top: 0px !important;margin-bottom: 0px !important;padding-right: 40px !important;padding-bottom: 0px !important;background-position: center !important;background-repeat: no-repeat !important;background-size: cover !important;}&#8221; el_class=&#8221;ipadc-pr15&#8243;][vc_single_image image=&#8221;1947&#8243; img_size=&#8221;full&#8221; alignment=&#8221;center&#8221;][\/vc_column][vc_column width=&#8221;1\/2&#8243; css=&#8221;.vc_custom_1555404542018{padding-bottom: 0px !important;padding-left: 40px !important;}&#8221; el_class=&#8221;ipadc-pl15&#8243;]\r\n        <div class=\"rs-heading    \">\r\n        \t<div class=\"title-inner\">\r\n\t            \r\n\t            <h4 style=\"\">Zr\u00f3bmy co\u015b razem....<\/h4>\r\n\t        <\/div><\/div>[vc_column_text css=&#8221;.vc_custom_1664563856698{padding-bottom: 20px !important;}&#8221;]Zebrane przeze mnie do\u015bwiadczenia zawodowe pozwalaj\u0105 mi stwierdzi\u0107, \u017ce mo\u017cemy razem zrobi\u0107 wiele inspiruj\u0105cych rzeczy.<\/p>\n<p>Jestem otwarta na wsp\u00f3\u0142prac\u0119, wszelkie dzia\u0142ania maj\u0105ce na uwadze rozw\u00f3j cz\u0142owieka.<\/p>\n<p>Niezale\u017cnie od tego czy chcesz abym poprowadzi\u0142a jakie\u015b szkolenie, warsztaty, przygotowa\u0142a wyk\u0142ad, opracowa\u0142a notatk\u0119 wizualn\u0105, wzi\u0119\u0142a udzia\u0142 w realizowanym przez Ciebie projekcie, podj\u0119\u0142a jakiego\u015b nowego wyzwania tematycznego lub wspar\u0142a w jakikolwiek inny spos\u00f3b, skontaktuj si\u0119 ze mn\u0105. Mo\u017cliwo\u015bci jest wiele.<\/p>\n<p>B\u0105d\u017amy w kontakcie.[\/vc_column_text][vc_btn title=&#8221;KONTAKT&#8221; shape=&#8221;round&#8221; color=&#8221;green&#8221; link=&#8221;url:https%3A%2F%2Fjust4creativity.pl%2Fwww%2F%23rs-kontakt&#8221;][\/vc_column][\/vc_row]<\/p>\n","protected":false},"excerpt":{"rendered":"<p>[vc_row full_width=&#8221;stretch_row&#8221; equal_height=&#8221;yes&#8221; shape=&#8221;Shape2&#8243; css=&#8221;.vc_custom_1555403002202{margin-top: 0px !important;padding-top: 0px !important;padding-bottom: 0px !important;background-color: #f8f8f8 !important;background-position: center !important;background-repeat: no-repeat !important;background-size: cover !important;}&#8221; el_id=&#8221;rs-about&#8221; [&hellip;]<\/p>\n","protected":false},"author":1,"featured_media":0,"parent":0,"menu_order":0,"comment_status":"closed","ping_status":"closed","template":"page-single.php","meta":{"om_disable_all_campaigns":false,"_monsterinsights_skip_tracking":false,"_monsterinsights_sitenote_active":false,"_monsterinsights_sitenote_note":"","_monsterinsights_sitenote_category":0,"footnotes":""},"class_list":["post-2629","page","type-page","status-publish","hentry"],"aioseo_notices":[],"_links":{"self":[{"href":"https:\/\/just4creativity.pl\/www\/wp-json\/wp\/v2\/pages\/2629","targetHints":{"allow":["GET"]}}],"collection":[{"href":"https:\/\/just4creativity.pl\/www\/wp-json\/wp\/v2\/pages"}],"about":[{"href":"https:\/\/just4creativity.pl\/www\/wp-json\/wp\/v2\/types\/page"}],"author":[{"embeddable":true,"href":"https:\/\/just4creativity.pl\/www\/wp-json\/wp\/v2\/users\/1"}],"replies":[{"embeddable":true,"href":"https:\/\/just4creativity.pl\/www\/wp-json\/wp\/v2\/comments?post=2629"}],"version-history":[{"count":14,"href":"https:\/\/just4creativity.pl\/www\/wp-json\/wp\/v2\/pages\/2629\/revisions"}],"predecessor-version":[{"id":3151,"href":"https:\/\/just4creativity.pl\/www\/wp-json\/wp\/v2\/pages\/2629\/revisions\/3151"}],"wp:attachment":[{"href":"https:\/\/just4creativity.pl\/www\/wp-json\/wp\/v2\/media?parent=2629"}],"curies":[{"name":"wp","href":"https:\/\/api.w.org\/{rel}","templated":true}]}}